{"id":15,"date":"2016-01-25T14:44:23","date_gmt":"2016-01-25T14:44:23","guid":{"rendered":"https:\/\/www.military.ch\/reconvilier\/new_site\/?page_id=15"},"modified":"2020-02-23T14:19:12","modified_gmt":"2020-02-23T13:19:12","slug":"section","status":"publish","type":"page","link":"https:\/\/www.military.ch\/reconvilier\/new_site\/section\/","title":{"rendered":"Section"},"content":{"rendered":"<p><a href=\"https:\/\/www.military.ch\/reconvilier\/new_site\/?page_id=35\">Articles de presse sur la section<\/a><\/p>\n<p><a href=\"https:\/\/www.military.ch\/reconvilier\/new_site\/?page_id=29\">Pr\u00e9sentation du comit\u00e9<\/a><\/p>\n<p><a href=\"https:\/\/www.military.ch\/reconvilier\/new_site\/?page_id=37\">Formulaire d&rsquo;adh\u00e9sion<\/a><\/p>\n<p><a href=\"https:\/\/www.military.ch\/reconvilier\/new_site\/?page_id=31\">Historique de la section<\/a><\/p>\n<p><a href=\"https:\/\/www.military.ch\/reconvilier\/new_site\/?page_id=33\">Directives de la section<\/a><\/p>\n","protected":false},"excerpt":{"rendered":"<p>Articles de presse sur la section Pr\u00e9sentation du comit\u00e9 Formulaire d&rsquo;adh\u00e9sion Historique de la section Directives de la section<\/p>\n","protected":false},"author":2,"featured_media":0,"parent":0,"menu_order":0,"comment_status":"closed","ping_status":"closed","template":"","meta":{"footnotes":""},"class_list":["post-15","page","type-page","status-publish","hentry"],"_links":{"self":[{"href":"https:\/\/www.military.ch\/reconvilier\/new_site\/wp-json\/wp\/v2\/pages\/15","targetHints":{"allow":["GET"]}}],"collection":[{"href":"https:\/\/www.military.ch\/reconvilier\/new_site\/wp-json\/wp\/v2\/pages"}],"about":[{"href":"https:\/\/www.military.ch\/reconvilier\/new_site\/wp-json\/wp\/v2\/types\/page"}],"author":[{"embeddable":true,"href":"https:\/\/www.military.ch\/reconvilier\/new_site\/wp-json\/wp\/v2\/users\/2"}],"replies":[{"embeddable":true,"href":"https:\/\/www.military.ch\/reconvilier\/new_site\/wp-json\/wp\/v2\/comments?post=15"}],"version-history":[{"count":2,"href":"https:\/\/www.military.ch\/reconvilier\/new_site\/wp-json\/wp\/v2\/pages\/15\/revisions"}],"predecessor-version":[{"id":992,"href":"https:\/\/www.military.ch\/reconvilier\/new_site\/wp-json\/wp\/v2\/pages\/15\/revisions\/992"}],"wp:attachment":[{"href":"https:\/\/www.military.ch\/reconvilier\/new_site\/wp-json\/wp\/v2\/media?parent=15"}],"curies":[{"name":"wp","href":"https:\/\/api.w.org\/{rel}","templated":true}]}}