{"id":1854,"date":"2025-04-07T17:25:43","date_gmt":"2025-04-07T16:25:43","guid":{"rendered":"https:\/\/www.military.ch\/reconvilier\/new_site\/?page_id=1854"},"modified":"2025-08-18T23:18:01","modified_gmt":"2025-08-18T21:18:01","slug":"militaria","status":"publish","type":"page","link":"https:\/\/www.military.ch\/reconvilier\/new_site\/militaria\/","title":{"rendered":"Militaria"},"content":{"rendered":"\n<blockquote class=\"wp-block-quote is-layout-flow wp-block-quote-is-layout-flow\">\n<p>Dans cette rubrique, retrouvez les <strong>7 derniers articles Militaria<\/strong> publi\u00e9s r\u00e9cemment.<\/p>\n\n\n\n<p>Pour consulter l\u2019ensemble des publications pass\u00e9es, rendez-vous dans <strong>Archives Militaria<\/strong>.<\/p>\n<\/blockquote>\n\n\n<ul class=\"display-posts-listing\"><li class=\"listing-item\"><a class=\"title\" href=\"https:\/\/www.military.ch\/reconvilier\/new_site\/mythe-ou-realite\/\">Mythe ou r\u00e9alit\u00e9<\/a> <span class=\"date\">4 ao\u00fbt 2025<\/span> <span class=\"excerpt-dash\">-<\/span> <span class=\"excerpt\">Mythe ou r\u00e9alit\u00e9 : des Templiers dans les Alpes suisses ? La victoire des Conf\u00e9d\u00e9r\u00e9s \u00e0 Morgarten en 1315, face aux troupes aguerries du duc L\u00e9opold d\u2019Autriche, a longtemps nourri <a class=\"more-link\" href=\"https:\/\/www.military.ch\/reconvilier\/new_site\/mythe-ou-realite\/\">Lire la suite...<\/a><\/span><\/li><li class=\"listing-item\"><a class=\"title\" href=\"https:\/\/www.military.ch\/reconvilier\/new_site\/militaria-basel-tattoo\/\">Basel Tattoo<\/a> <span class=\"date\">15 juillet 2025<\/span> <span class=\"excerpt-dash\">-<\/span> <span class=\"excerpt\">Activit\u00e9 Militaria \u2013 Sortie au Basel Tattoo Le samedi 12 juillet 2025, nous nous retrouvons \u00e0 16h00 sur la place Grock \u00e0 Reconvilier. Nous sommes 30 participants, tous impatients de <a class=\"more-link\" href=\"https:\/\/www.military.ch\/reconvilier\/new_site\/militaria-basel-tattoo\/\">Lire la suite...<\/a><\/span><\/li><li class=\"listing-item\"><a class=\"title\" href=\"https:\/\/www.military.ch\/reconvilier\/new_site\/lieutenant-walter-flury-aerostier-tombe-en-mission\/\">Lieutenant Walter Flury \u2013 A\u00e9rostier tomb\u00e9 en mission<\/a> <span class=\"date\">17 juin 2025<\/span> <span class=\"excerpt-dash\">-<\/span> <span class=\"excerpt\">Mi\u00e9court, 7 octobre 1918 \u00c0 un mois de l\u2019armistice de 1918, alors que la Premi\u00e8re Guerre mondiale touche \u00e0 sa fin, un drame secoue l\u2019Ajoie et toute la Suisse : <a class=\"more-link\" href=\"https:\/\/www.military.ch\/reconvilier\/new_site\/lieutenant-walter-flury-aerostier-tombe-en-mission\/\">Lire la suite...<\/a><\/span><\/li><li class=\"listing-item\"><a class=\"title\" href=\"https:\/\/www.military.ch\/reconvilier\/new_site\/les-tuileries-le-10-aout-1792\/\">Les Tuileries, le 10 ao\u00fbt 1792<\/a> <span class=\"date\">13 avril 2025<\/span> <span class=\"excerpt-dash\">-<\/span> <span class=\"excerpt\">Les Gardes suisses aux Tuileries, le 10 ao\u00fbt 1792 : fid\u00e9lit\u00e9 jusqu\u2019\u00e0 la mort Le 10 ao\u00fbt 1792 marque l\u2019un des tournants les plus dramatiques de la R\u00e9volution fran\u00e7aise : <a class=\"more-link\" href=\"https:\/\/www.military.ch\/reconvilier\/new_site\/les-tuileries-le-10-aout-1792\/\">Lire la suite...<\/a><\/span><\/li><li class=\"listing-item\"><a class=\"title\" href=\"https:\/\/www.military.ch\/reconvilier\/new_site\/militaria\/\">Embl\u00e8mes d&rsquo;infanterie<\/a> <span class=\"date\">8 avril 2025<\/span> <span class=\"excerpt-dash\">-<\/span> <span class=\"excerpt\">Le Trisc\u00e8le Hintermann, Katharina. \u00ab Le Trisc\u00e8le. \u00bb Revue Militaire Suisse (RMS+), n\u00b0 T2 &#8211; Infanterie, 2024, p. 5. Cheffe communication, Formation d&rsquo;application de l&rsquo;infanterie. Les embl\u00e8mes de la Formation <a class=\"more-link\" href=\"https:\/\/www.military.ch\/reconvilier\/new_site\/militaria\/\">Lire la suite...<\/a><\/span><\/li><li class=\"listing-item\"><a class=\"title\" href=\"https:\/\/www.military.ch\/reconvilier\/new_site\/la-mob-14-18-sauvegarde-de-lhistoire\/\">La Mob 14-18, sauvegarde de l&rsquo;Histoire<\/a> <span class=\"date\">13 novembre 2021<\/span> <span class=\"excerpt-dash\">-<\/span> <span class=\"excerpt\">Notre section a d\u00e9cid\u00e9 en assembl\u00e9e g\u00e9n\u00e9rale extraordinaire le 24 septembre 2021 de soutenir un projet d&rsquo;envergure pr\u00e9servant pour les g\u00e9n\u00e9rations actuelles et futures un pan de l&rsquo;Histoire militaire de <a class=\"more-link\" href=\"https:\/\/www.military.ch\/reconvilier\/new_site\/la-mob-14-18-sauvegarde-de-lhistoire\/\">Lire la suite...<\/a><\/span><\/li><li class=\"listing-item\"><a class=\"title\" href=\"https:\/\/www.military.ch\/reconvilier\/new_site\/regiment-deptingue-tous-au-musee-a-st-imier\/\">R\u00e9giment d&rsquo;Eptingue &#8211; tous au Mus\u00e9e \u00e0 St-Imier<\/a> <span class=\"date\">2 octobre 2021<\/span> <span class=\"excerpt-dash\">-<\/span> <span class=\"excerpt\">Jeudi 30 septembre le d\u00e9tachement d\u2019honneur rgt d\u2019Eptingue \u00e9tait convi\u00e9 \u00e0 la r\u00e9ouverture de l\u2019espace Mus\u00e9al \/ Troupes jurassiennes. C\u2019\u00e9tait aussi l\u2019occasion de t\u00e9moigner notre gratitude au col Walter von <a class=\"more-link\" href=\"https:\/\/www.military.ch\/reconvilier\/new_site\/regiment-deptingue-tous-au-musee-a-st-imier\/\">Lire la suite...<\/a><\/span><\/li><\/ul>\n","protected":false},"excerpt":{"rendered":"<p>Dans cette rubrique, retrouvez les 7 derniers articles Militaria publi\u00e9s r\u00e9cemment. Pour consulter l\u2019ensemble des publications pass\u00e9es, rendez-vous dans Archives Militaria.<\/p>\n","protected":false},"author":6,"featured_media":0,"parent":0,"menu_order":0,"comment_status":"closed","ping_status":"closed","template":"","meta":{"footnotes":""},"class_list":["post-1854","page","type-page","status-publish","hentry"],"_links":{"self":[{"href":"https:\/\/www.military.ch\/reconvilier\/new_site\/wp-json\/wp\/v2\/pages\/1854","targetHints":{"allow":["GET"]}}],"collection":[{"href":"https:\/\/www.military.ch\/reconvilier\/new_site\/wp-json\/wp\/v2\/pages"}],"about":[{"href":"https:\/\/www.military.ch\/reconvilier\/new_site\/wp-json\/wp\/v2\/types\/page"}],"author":[{"embeddable":true,"href":"https:\/\/www.military.ch\/reconvilier\/new_site\/wp-json\/wp\/v2\/users\/6"}],"replies":[{"embeddable":true,"href":"https:\/\/www.military.ch\/reconvilier\/new_site\/wp-json\/wp\/v2\/comments?post=1854"}],"version-history":[{"count":11,"href":"https:\/\/www.military.ch\/reconvilier\/new_site\/wp-json\/wp\/v2\/pages\/1854\/revisions"}],"predecessor-version":[{"id":2460,"href":"https:\/\/www.military.ch\/reconvilier\/new_site\/wp-json\/wp\/v2\/pages\/1854\/revisions\/2460"}],"wp:attachment":[{"href":"https:\/\/www.military.ch\/reconvilier\/new_site\/wp-json\/wp\/v2\/media?parent=1854"}],"curies":[{"name":"wp","href":"https:\/\/api.w.org\/{rel}","templated":true}]}}