{"id":2022,"date":"2025-05-06T15:11:14","date_gmt":"2025-05-06T14:11:14","guid":{"rendered":"https:\/\/www.military.ch\/reconvilier\/new_site\/?page_id=2022"},"modified":"2025-08-18T23:19:59","modified_gmt":"2025-08-18T21:19:59","slug":"historique-des-activites","status":"publish","type":"page","link":"https:\/\/www.military.ch\/reconvilier\/new_site\/historique-des-activites\/","title":{"rendered":"Infos &amp; Activit\u00e9s"},"content":{"rendered":"\n<blockquote class=\"wp-block-quote is-layout-flow wp-block-quote-is-layout-flow\">\n<p>Dans cette rubrique, retrouvez les <strong>articles g\u00e9n\u00e9raux de la section<\/strong> : activit\u00e9s locales, annonces, informations et communiqu\u00e9s.<\/p>\n\n\n\n<p>Pour consulter l\u2019ensemble des publications pass\u00e9es, rendez-vous dans <strong>Archives <\/strong>par ann\u00e9e<\/p>\n<\/blockquote>\n\n\n<ul class=\"display-posts-listing\"><li class=\"listing-item\"><a class=\"title\" href=\"https:\/\/www.military.ch\/reconvilier\/new_site\/assemblee-generale-2026\/\">Assembl\u00e9e g\u00e9n\u00e9rale 2026<\/a> <span class=\"date\">19 f\u00e9vrier 2026<\/span> <span class=\"excerpt-dash\">-<\/span> <span class=\"excerpt\">85e Assembl\u00e9e g\u00e9n\u00e9rale de l\u2019ASSO Reconvilier et environs Le 14 f\u00e9vrier 2026, l\u2019Association suisse des sous-officiers de Reconvilier et environs a tenu sa 85e assembl\u00e9e g\u00e9n\u00e9rale \u00e0 Tramelan, sous la <a class=\"more-link\" href=\"https:\/\/www.military.ch\/reconvilier\/new_site\/assemblee-generale-2026\/\">Lire la suite...<\/a><\/span><\/li><li class=\"listing-item\"><a class=\"title\" href=\"https:\/\/www.military.ch\/reconvilier\/new_site\/bourse-aux-armes-de-lausanne\/\">Bourse aux armes de Lausanne<\/a> <span class=\"date\">12 d\u00e9cembre 2025<\/span> <span class=\"excerpt-dash\">-<\/span> <span class=\"excerpt\">Bourse aux armes de Lausanne \u2013 d\u00e9cembre 2025 Comme chaque ann\u00e9e, l\u2019ASSO Suisse, par l\u2019interm\u00e9diaire de l\u2019ASSO Vaud, a particip\u00e9 \u00e0 la Bourse aux armes de Lausanne, qui s\u2019est d\u00e9roul\u00e9e <a class=\"more-link\" href=\"https:\/\/www.military.ch\/reconvilier\/new_site\/bourse-aux-armes-de-lausanne\/\">Lire la suite...<\/a><\/span><\/li><li class=\"listing-item\"><a class=\"title\" href=\"https:\/\/www.military.ch\/reconvilier\/new_site\/meshtastic\/\">Meshtastic<\/a> <span class=\"date\">8 septembre 2025<\/span> <span class=\"excerpt-dash\">-<\/span> <span class=\"excerpt\">Meshtastic \u2013 La communication hors r\u00e9seau Par cpl Elie Rebetez et sdt Fran\u00e7ois Spinosi \u2013 Formation ASSO Vaud, cabane ASSO Yverdon Formation Meshtastic \u2013 ASSO Vaud \/ ASSO Yverdon \u2013 <a class=\"more-link\" href=\"https:\/\/www.military.ch\/reconvilier\/new_site\/meshtastic\/\">Lire la suite...<\/a><\/span><\/li><li class=\"listing-item\"><a class=\"title\" href=\"https:\/\/www.military.ch\/reconvilier\/new_site\/chaindon-2025\/\">Chaindon 2025<\/a> <span class=\"date\">3 septembre 2025<\/span> <span class=\"excerpt-dash\">-<\/span> <span class=\"excerpt\">Foire de Chaindon \u00e0 Reconvilier \u2013 Le mot du pr\u00e9sident Merci \u00e0 notre \u00e9quipe et \u00e0 notre public pour une \u00e9dition m\u00e9morable. Depuis le 2 septembre 1626, la Foire de <a class=\"more-link\" href=\"https:\/\/www.military.ch\/reconvilier\/new_site\/chaindon-2025\/\">Lire la suite...<\/a><\/span><\/li><li class=\"listing-item\"><a class=\"title\" href=\"https:\/\/www.military.ch\/reconvilier\/new_site\/1er-aout\/\">1er ao\u00fbt<\/a> <span class=\"date\">4 ao\u00fbt 2025<\/span> <span class=\"excerpt-dash\">-<\/span> <span class=\"excerpt\">F\u00eate nationale suisse 1er ao\u00fbt \u00e0 Reconvilier Chaque ann\u00e9e, l\u2019ASSO Reconvilier c\u00e9l\u00e8bre cette journ\u00e9e dans un esprit de camaraderie, de convivialit\u00e9 et de tradition patriotique. C\u2019est un moment fort de <a class=\"more-link\" href=\"https:\/\/www.military.ch\/reconvilier\/new_site\/1er-aout\/\">Lire la suite...<\/a><\/span><\/li><li class=\"listing-item\"><a class=\"title\" href=\"https:\/\/www.military.ch\/reconvilier\/new_site\/2025-tir-de-section\/\">2025 &#8211; Tir de section du 5 juillet<\/a> <span class=\"date\">6 juillet 2025<\/span> <span class=\"excerpt-dash\">-<\/span> <span class=\"excerpt\">Tir de section Le 5 juillet, notre section s\u2019est retrouv\u00e9e pour le traditionnel tir de section, un moment convivial et tr\u00e8s appr\u00e9ci\u00e9 des participants. Premi\u00e8re partie : Tir au pistolet <a class=\"more-link\" href=\"https:\/\/www.military.ch\/reconvilier\/new_site\/2025-tir-de-section\/\">Lire la suite...<\/a><\/span><\/li><li class=\"listing-item\"><a class=\"title\" href=\"https:\/\/www.military.ch\/reconvilier\/new_site\/2025-tir-obligatoire-du-28-juin-2025\/\">2025- Tir obligatoire du 28 juin 2025<\/a> <span class=\"date\">29 juin 2025<\/span> <span class=\"excerpt-dash\">-<\/span> <span class=\"excerpt\">Tir obligatoire du 28 juin 2025 Le tir obligatoire du 28 juin 2025 s\u2019est d\u00e9roul\u00e9 parfaitement. Dix-neuf tireurs sont venus participer, certains par obligation, d\u2019autres par plaisir. Les trois cibles <a class=\"more-link\" href=\"https:\/\/www.military.ch\/reconvilier\/new_site\/2025-tir-obligatoire-du-28-juin-2025\/\">Lire la suite...<\/a><\/span><\/li><\/ul>\n","protected":false},"excerpt":{"rendered":"<p>Dans cette rubrique, retrouvez les articles g\u00e9n\u00e9raux de la section : activit\u00e9s locales, annonces, informations et communiqu\u00e9s. Pour consulter l\u2019ensemble des publications pass\u00e9es, rendez-vous dans Archives par ann\u00e9e<\/p>\n","protected":false},"author":6,"featured_media":0,"parent":0,"menu_order":0,"comment_status":"closed","ping_status":"closed","template":"","meta":{"footnotes":""},"class_list":["post-2022","page","type-page","status-publish","hentry"],"_links":{"self":[{"href":"https:\/\/www.military.ch\/reconvilier\/new_site\/wp-json\/wp\/v2\/pages\/2022","targetHints":{"allow":["GET"]}}],"collection":[{"href":"https:\/\/www.military.ch\/reconvilier\/new_site\/wp-json\/wp\/v2\/pages"}],"about":[{"href":"https:\/\/www.military.ch\/reconvilier\/new_site\/wp-json\/wp\/v2\/types\/page"}],"author":[{"embeddable":true,"href":"https:\/\/www.military.ch\/reconvilier\/new_site\/wp-json\/wp\/v2\/users\/6"}],"replies":[{"embeddable":true,"href":"https:\/\/www.military.ch\/reconvilier\/new_site\/wp-json\/wp\/v2\/comments?post=2022"}],"version-history":[{"count":8,"href":"https:\/\/www.military.ch\/reconvilier\/new_site\/wp-json\/wp\/v2\/pages\/2022\/revisions"}],"predecessor-version":[{"id":2461,"href":"https:\/\/www.military.ch\/reconvilier\/new_site\/wp-json\/wp\/v2\/pages\/2022\/revisions\/2461"}],"wp:attachment":[{"href":"https:\/\/www.military.ch\/reconvilier\/new_site\/wp-json\/wp\/v2\/media?parent=2022"}],"curies":[{"name":"wp","href":"https:\/\/api.w.org\/{rel}","templated":true}]}}