{"id":249,"date":"2018-05-27T22:25:35","date_gmt":"2018-05-27T21:25:35","guid":{"rendered":"https:\/\/www.military.ch\/reconvilier\/new_site\/?page_id=249"},"modified":"2019-01-09T15:48:16","modified_gmt":"2019-01-09T14:48:16","slug":"2018-2","status":"publish","type":"page","link":"https:\/\/www.military.ch\/reconvilier\/new_site\/galerie\/2018-2\/","title":{"rendered":"2018"},"content":{"rendered":"<p>&nbsp;<\/p>\n<p>&nbsp;<\/p>\n<p>&nbsp;<\/p>\n<table border=\"0\" width=\"100%\">\n<tbody>\n<tr>\n<td style=\"text-align: center;\" width=\"33%\"><a href=\"https:\/\/www.military.ch\/reconvilier\/new_site\/?page_id=251\"><img decoding=\"async\" class=\"alignnone wp-image-254 size-thumbnail\" src=\"https:\/\/www.military.ch\/reconvilier\/new_site\/wp-content\/uploads\/2018\/05\/IMG-20180527-WA0005-150x150.jpg\" alt=\"\" width=\"150\" height=\"150\" \/><\/a><\/p>\n<p><a href=\"https:\/\/www.military.ch\/reconvilier\/new_site\/?page_id=251\">Entrainement de marche<\/a><\/td>\n<td style=\"text-align: center;\" width=\"33%\"><a href=\"https:\/\/www.military.ch\/reconvilier\/new_site\/?page_id=277\"><img decoding=\"async\" class=\"alignnone wp-image-411 size-thumbnail\" src=\"https:\/\/www.military.ch\/reconvilier\/new_site\/wp-content\/uploads\/2018\/07\/DSCN3036-150x150.jpg\" alt=\"\" width=\"150\" height=\"150\" \/><\/a><\/p>\n<p><a href=\"https:\/\/www.military.ch\/reconvilier\/new_site\/?page_id=277\">Exercice\u00a0VIGRID<\/a><\/td>\n<td style=\"text-align: center;\" width=\"33%\"><a href=\"https:\/\/www.military.ch\/reconvilier\/new_site\/?page_id=292\"><img decoding=\"async\" class=\"alignnone wp-image-308 size-thumbnail\" src=\"https:\/\/www.military.ch\/reconvilier\/new_site\/wp-content\/uploads\/2018\/07\/20180603_092017-e1532345417142-150x150.jpg\" alt=\"\" width=\"150\" height=\"150\" \/><\/a><\/p>\n<p><a href=\"https:\/\/www.military.ch\/reconvilier\/new_site\/?page_id=292\">Marche des deux jours<\/a><\/td>\n<\/tr>\n<tr>\n<td style=\"text-align: center;\" width=\"33%\"><a href=\"https:\/\/www.military.ch\/reconvilier\/new_site\/?page_id=288\"><img decoding=\"async\" class=\"alignnone wp-image-342 size-thumbnail\" src=\"https:\/\/www.military.ch\/reconvilier\/new_site\/wp-content\/uploads\/2018\/07\/IMG_0799-e1532351829912-150x150.jpg\" alt=\"\" width=\"150\" height=\"150\" \/><\/a><\/p>\n<p><a href=\"https:\/\/www.military.ch\/reconvilier\/new_site\/?page_id=288\">Tir\u00a0en\u00a0campagne<\/a><\/td>\n<td style=\"text-align: center;\" width=\"33%\"><a href=\"https:\/\/www.military.ch\/reconvilier\/new_site\/?page_id=290\"><img decoding=\"async\" class=\"alignnone wp-image-352 size-thumbnail\" src=\"https:\/\/www.military.ch\/reconvilier\/new_site\/wp-content\/uploads\/2018\/07\/IMG_0863-e1532353419683-150x150.jpg\" alt=\"\" width=\"150\" height=\"150\" \/><\/a><\/p>\n<p><a href=\"https:\/\/www.military.ch\/reconvilier\/new_site\/?page_id=290\">50\u00a0ans\u00a0pl\u00a0armes\u00a0Bure<\/a><\/td>\n<td style=\"text-align: center;\" width=\"33%\"><a href=\"https:\/\/www.military.ch\/reconvilier\/new_site\/?page_id=294\"><img decoding=\"async\" class=\"alignnone wp-image-304 size-thumbnail\" src=\"https:\/\/www.military.ch\/reconvilier\/new_site\/wp-content\/uploads\/2018\/07\/IMG-20180707-WA0008-150x150.jpg\" alt=\"\" width=\"150\" height=\"150\" \/><\/a><\/p>\n<p><a href=\"https:\/\/www.military.ch\/reconvilier\/new_site\/?page_id=294\">Tir\u00a0de\u00a0section<\/a><\/td>\n<\/tr>\n<tr>\n<td style=\"text-align: center;\" width=\"33%\"><a href=\"https:\/\/www.military.ch\/reconvilier\/new_site\/?page_id=462\"><img decoding=\"async\" class=\"alignnone wp-image-496 size-thumbnail\" src=\"https:\/\/www.military.ch\/reconvilier\/new_site\/wp-content\/uploads\/2018\/09\/IMG_1386-e1536264520313-150x150.jpg\" alt=\"\" width=\"150\" height=\"150\" \/><\/a><\/p>\n<p><a href=\"https:\/\/www.military.ch\/reconvilier\/new_site\/?page_id=462\">Militaria \/ F\u00eate nationale<\/a><\/td>\n<td style=\"text-align: center;\" width=\"33%\"><a href=\"https:\/\/www.military.ch\/reconvilier\/new_site\/?page_id=464\"><img decoding=\"async\" class=\"alignnone wp-image-555 size-thumbnail\" src=\"https:\/\/www.military.ch\/reconvilier\/new_site\/wp-content\/uploads\/2018\/09\/IMG_1622-e1536265983660-150x150.jpg\" alt=\"\" width=\"150\" height=\"150\" \/><\/a><\/p>\n<p><a href=\"https:\/\/www.military.ch\/reconvilier\/new_site\/?page_id=464\">March\u00e9 Concours National de Chevaux &#8211; Saignel\u00e9gier<\/a><\/td>\n<td style=\"text-align: center;\" width=\"33%\"><a href=\"https:\/\/www.military.ch\/reconvilier\/new_site\/?page_id=466\"><img decoding=\"async\" class=\"alignnone wp-image-552 size-thumbnail\" src=\"https:\/\/www.military.ch\/reconvilier\/new_site\/wp-content\/uploads\/2018\/09\/20180826_141441-e1536265940185-150x150.jpg\" alt=\"\" width=\"150\" height=\"150\" \/><\/a><\/p>\n<p><a href=\"https:\/\/www.military.ch\/reconvilier\/new_site\/?page_id=466\">Pique-nique des familles<\/a><\/td>\n<\/tr>\n<tr>\n<td style=\"text-align: center;\" width=\"33%\"><a href=\"https:\/\/www.military.ch\/reconvilier\/new_site\/?page_id=468\"><img decoding=\"async\" class=\"alignnone wp-image-540 size-thumbnail\" src=\"https:\/\/www.military.ch\/reconvilier\/new_site\/wp-content\/uploads\/2018\/09\/IMG_1844-e1536265696327-150x150.jpg\" alt=\"\" width=\"150\" height=\"150\" \/><\/a><\/p>\n<p><a href=\"https:\/\/www.military.ch\/reconvilier\/new_site\/?page_id=468\">Foire de Chaindon &#8211; Coyote Bar<\/a><\/td>\n<td style=\"text-align: center;\" width=\"33%\"><a href=\"https:\/\/www.military.ch\/reconvilier\/new_site\/?page_id=599\"><img decoding=\"async\" class=\"alignnone wp-image-600 size-thumbnail\" src=\"https:\/\/www.military.ch\/reconvilier\/new_site\/wp-content\/uploads\/2018\/10\/Foto-Meistermannschaft-150x150.jpg\" alt=\"\" width=\"150\" height=\"150\" \/><\/a><\/p>\n<p><a href=\"https:\/\/www.military.ch\/reconvilier\/new_site\/?page_id=599\">BROMS<\/a><\/td>\n<td style=\"text-align: center;\" width=\"33%\"><\/td>\n<\/tr>\n<tr>\n<td style=\"text-align: center;\" width=\"33%\"><\/td>\n<td style=\"text-align: center;\" width=\"33%\"><\/td>\n<td style=\"text-align: center;\" width=\"33%\"><\/td>\n<\/tr>\n<\/tbody>\n<\/table>\n<p>&nbsp;<\/p>\n<p>&nbsp;<\/p>\n","protected":false},"excerpt":{"rendered":"<p>&nbsp; &nbsp; &nbsp; Entrainement de marche Exercice\u00a0VIGRID Marche des deux jours Tir\u00a0en\u00a0campagne 50\u00a0ans\u00a0pl\u00a0armes\u00a0Bure Tir\u00a0de\u00a0section Militaria \/ F\u00eate nationale March\u00e9 Concours National de Chevaux &#8211; Saignel\u00e9gier Pique-nique des familles Foire de <a class=\"more-link\" href=\"https:\/\/www.military.ch\/reconvilier\/new_site\/galerie\/2018-2\/\">Lire la suite&#8230;<\/a><\/p>\n","protected":false},"author":4,"featured_media":0,"parent":9,"menu_order":40,"comment_status":"closed","ping_status":"closed","template":"","meta":{"footnotes":""},"class_list":["post-249","page","type-page","status-publish","hentry"],"_links":{"self":[{"href":"https:\/\/www.military.ch\/reconvilier\/new_site\/wp-json\/wp\/v2\/pages\/249","targetHints":{"allow":["GET"]}}],"collection":[{"href":"https:\/\/www.military.ch\/reconvilier\/new_site\/wp-json\/wp\/v2\/pages"}],"about":[{"href":"https:\/\/www.military.ch\/reconvilier\/new_site\/wp-json\/wp\/v2\/types\/page"}],"author":[{"embeddable":true,"href":"https:\/\/www.military.ch\/reconvilier\/new_site\/wp-json\/wp\/v2\/users\/4"}],"replies":[{"embeddable":true,"href":"https:\/\/www.military.ch\/reconvilier\/new_site\/wp-json\/wp\/v2\/comments?post=249"}],"version-history":[{"count":19,"href":"https:\/\/www.military.ch\/reconvilier\/new_site\/wp-json\/wp\/v2\/pages\/249\/revisions"}],"predecessor-version":[{"id":605,"href":"https:\/\/www.military.ch\/reconvilier\/new_site\/wp-json\/wp\/v2\/pages\/249\/revisions\/605"}],"up":[{"embeddable":true,"href":"https:\/\/www.military.ch\/reconvilier\/new_site\/wp-json\/wp\/v2\/pages\/9"}],"wp:attachment":[{"href":"https:\/\/www.military.ch\/reconvilier\/new_site\/wp-json\/wp\/v2\/media?parent=249"}],"curies":[{"name":"wp","href":"https:\/\/api.w.org\/{rel}","templated":true}]}}