{"id":27,"date":"2016-01-25T14:47:08","date_gmt":"2016-01-25T13:47:08","guid":{"rendered":"https:\/\/www.military.ch\/reconvilier\/new_site\/?page_id=27"},"modified":"2019-01-09T15:48:08","modified_gmt":"2019-01-09T14:48:08","slug":"2015-2","status":"publish","type":"page","link":"https:\/\/www.military.ch\/reconvilier\/new_site\/galerie\/2015-2\/","title":{"rendered":"2017"},"content":{"rendered":"<p>&nbsp;<\/p>\n<table border=\"0\" width=\"100%\">\n<tbody>\n<tr>\n<td style=\"text-align: center;\" width=\"33%\"><a href=\"https:\/\/www.military.ch\/reconvilier\/new_site\/?page_id=187\" target=\"_blank\" rel=\"noopener\"><span style=\"font-family: inherit; font-size: inherit;\"><span style=\"color: #000000;\"><img decoding=\"async\" class=\"alignnone size-thumbnail wp-image-108\" src=\"https:\/\/www.military.ch\/reconvilier\/new_site\/wp-content\/uploads\/2018\/02\/ag3-150x150.jpg\" alt=\"\" width=\"150\" height=\"150\" \/>Assembl\u00e9e G\u00e9n\u00e9rale<\/span><\/span><\/a><\/td>\n<td style=\"text-align: center;\" width=\"33%\"><a href=\"https:\/\/www.military.ch\/reconvilier\/new_site\/?page_id=189\" target=\"_blank\" rel=\"noopener\"><img decoding=\"async\" class=\"wp-image-113 size-thumbnail aligncenter\" src=\"https:\/\/www.military.ch\/reconvilier\/new_site\/wp-content\/uploads\/2018\/02\/entr2-150x150.jpg\" alt=\"\" width=\"150\" height=\"150\" \/><span style=\"color: #000000;\">Entrainement marche<\/span><\/a><\/td>\n<td style=\"text-align: center;\" width=\"33%\"><a href=\"https:\/\/www.military.ch\/reconvilier\/new_site\/?page_id=191\" target=\"_blank\" rel=\"noopener\"><img decoding=\"async\" class=\"wp-image-114 size-thumbnail aligncenter\" src=\"https:\/\/www.military.ch\/reconvilier\/new_site\/wp-content\/uploads\/2018\/02\/tc1-150x150.jpg\" alt=\"\" width=\"150\" height=\"150\" \/><span style=\"color: #000000;\">\u00a0Tir en campagne<\/span><\/a><\/td>\n<\/tr>\n<tr>\n<td style=\"text-align: center;\" width=\"33%\"><a href=\"https:\/\/www.military.ch\/reconvilier\/new_site\/?page_id=193\" target=\"_blank\" rel=\"noopener\"><img decoding=\"async\" class=\"wp-image-119 size-thumbnail aligncenter\" src=\"https:\/\/www.military.ch\/reconvilier\/new_site\/wp-content\/uploads\/2018\/02\/vigrid1-150x150.jpg\" alt=\"\" width=\"150\" height=\"150\" \/><span style=\"color: #000000;\">VIGRID<\/span><\/a><\/td>\n<td style=\"text-align: center;\" width=\"33%\"><a href=\"https:\/\/www.military.ch\/reconvilier\/new_site\/?page_id=195\" target=\"_blank\" rel=\"noopener\"><img decoding=\"async\" class=\"wp-image-127 size-thumbnail aligncenter\" src=\"https:\/\/www.military.ch\/reconvilier\/new_site\/wp-content\/uploads\/2018\/02\/eptingue3-150x150.jpg\" alt=\"\" width=\"150\" height=\"150\" \/><span style=\"color: #000000;\">Eptingue<\/span><\/a><\/td>\n<td style=\"text-align: center;\" width=\"33%\"><a href=\"https:\/\/www.military.ch\/reconvilier\/new_site\/?page_id=197\" target=\"_blank\" rel=\"noopener\"><img decoding=\"async\" class=\"wp-image-130 size-thumbnail aligncenter\" src=\"https:\/\/www.military.ch\/reconvilier\/new_site\/wp-content\/uploads\/2018\/02\/tir01-150x150.jpg\" alt=\"\" width=\"150\" height=\"150\" \/><span style=\"color: #000000;\">Tir de soci\u00e9t\u00e9<\/span><\/a><\/td>\n<\/tr>\n<tr>\n<td style=\"text-align: center;\" width=\"33%\"><a href=\"https:\/\/www.military.ch\/reconvilier\/new_site\/?page_id=199\" target=\"_blank\" rel=\"noopener\"><img decoding=\"async\" class=\"wp-image-147 size-thumbnail aligncenter\" src=\"https:\/\/www.military.ch\/reconvilier\/new_site\/wp-content\/uploads\/2018\/02\/chaindon-150x150.jpg\" alt=\"\" width=\"150\" height=\"150\" \/><span style=\"color: #000000;\">Chaindon<\/span><\/a><\/td>\n<td style=\"text-align: center;\" width=\"33%\"><a href=\"https:\/\/www.military.ch\/reconvilier\/new_site\/?page_id=201\" target=\"_blank\" rel=\"noopener\"><img decoding=\"async\" class=\"wp-image-149 size-thumbnail aligncenter\" src=\"https:\/\/www.military.ch\/reconvilier\/new_site\/wp-content\/uploads\/2018\/02\/broms2-150x150.jpg\" alt=\"\" width=\"150\" height=\"150\" \/><span style=\"color: #000000;\">BROMS<\/span><\/a><\/td>\n<td style=\"text-align: center;\" width=\"33%\"><a href=\"https:\/\/www.military.ch\/reconvilier\/new_site\/?page_id=203\" target=\"_blank\" rel=\"noopener\"><img decoding=\"async\" class=\"wp-image-162 size-thumbnail aligncenter\" src=\"https:\/\/www.military.ch\/reconvilier\/new_site\/wp-content\/uploads\/2018\/02\/promo4-150x150.jpg\" alt=\"\" width=\"150\" height=\"150\" \/><span style=\"color: #000000;\">Promotion<\/span><\/a><\/td>\n<\/tr>\n<\/tbody>\n<\/table>\n<p>&nbsp;<\/p>\n","protected":false},"excerpt":{"rendered":"<p>&nbsp; Assembl\u00e9e G\u00e9n\u00e9rale Entrainement marche \u00a0Tir en campagne VIGRID Eptingue Tir de soci\u00e9t\u00e9 Chaindon BROMS Promotion &nbsp;<\/p>\n","protected":false},"author":2,"featured_media":0,"parent":9,"menu_order":50,"comment_status":"closed","ping_status":"closed","template":"","meta":{"footnotes":""},"class_list":["post-27","page","type-page","status-publish","hentry"],"_links":{"self":[{"href":"https:\/\/www.military.ch\/reconvilier\/new_site\/wp-json\/wp\/v2\/pages\/27","targetHints":{"allow":["GET"]}}],"collection":[{"href":"https:\/\/www.military.ch\/reconvilier\/new_site\/wp-json\/wp\/v2\/pages"}],"about":[{"href":"https:\/\/www.military.ch\/reconvilier\/new_site\/wp-json\/wp\/v2\/types\/page"}],"author":[{"embeddable":true,"href":"https:\/\/www.military.ch\/reconvilier\/new_site\/wp-json\/wp\/v2\/users\/2"}],"replies":[{"embeddable":true,"href":"https:\/\/www.military.ch\/reconvilier\/new_site\/wp-json\/wp\/v2\/comments?post=27"}],"version-history":[{"count":10,"href":"https:\/\/www.military.ch\/reconvilier\/new_site\/wp-json\/wp\/v2\/pages\/27\/revisions"}],"predecessor-version":[{"id":206,"href":"https:\/\/www.military.ch\/reconvilier\/new_site\/wp-json\/wp\/v2\/pages\/27\/revisions\/206"}],"up":[{"embeddable":true,"href":"https:\/\/www.military.ch\/reconvilier\/new_site\/wp-json\/wp\/v2\/pages\/9"}],"wp:attachment":[{"href":"https:\/\/www.military.ch\/reconvilier\/new_site\/wp-json\/wp\/v2\/media?parent=27"}],"curies":[{"name":"wp","href":"https:\/\/api.w.org\/{rel}","templated":true}]}}