{"id":29,"date":"2016-01-25T14:47:39","date_gmt":"2016-01-25T14:47:39","guid":{"rendered":"https:\/\/www.military.ch\/reconvilier\/new_site\/?page_id=29"},"modified":"2026-02-21T17:09:33","modified_gmt":"2026-02-21T15:09:33","slug":"comite","status":"publish","type":"page","link":"https:\/\/www.military.ch\/reconvilier\/new_site\/section\/comite\/","title":{"rendered":"Comit\u00e9"},"content":{"rendered":"\n<section class=\"asso-comite\">\n\n  <h2>Comit\u00e9 2026<\/h2>\n\n  <figure class=\"comite-photo\">\n    <img decoding=\"async\" src=\"https:\/\/www.military.ch\/reconvilier\/new_site\/wp-content\/uploads\/Comite2026.jpg\" alt=\"Comit\u00e9 2026 ASSO Reconvilier\">\n    <figcaption>Comit\u00e9 de l\u2019ASSO Reconvilier et environs \u2013 ann\u00e9e 2026.<\/figcaption>\n  <\/figure>\n\n  <div class=\"comite-list\">\n\n    <h3>Rang\u00e9e du haut (de gauche \u00e0 droite)<\/h3>\n    <ul>\n      <li><strong>Fran\u00e7ois Spinosi<\/strong> \u2014 sdt, secr\u00e9taire<\/li>\n      <li><strong>Elie Rebetez<\/strong> \u2014 cpl, pr\u00e9sident<\/li>\n      <li><strong>Ga\u00ebl Voumard<\/strong> \u2014 sgt, mat\u00e9riel &amp; munitions<\/li>\n      <li><strong>St\u00e9phane Neukomm<\/strong> \u2014 sdt, chef construction<\/li>\n    <\/ul>\n\n    <h3>Rang\u00e9e du bas (de gauche \u00e0 droite)<\/h3>\n    <ul>\n      <li><strong>Alexandre Grosjean<\/strong> \u2014 lt, chef technique<\/li>\n      <li><strong>Yan Lapaire<\/strong> \u2014 cap, charg\u00e9 des activit\u00e9s Militaria (d\u00e9sign\u00e9 par le comit\u00e9)<\/li>\n      <li><strong>Douglas Houmard<\/strong> \u2014 sgt, caissier<\/li>\n      <li><strong>Thierry Sommer<\/strong> \u2014 sgt-chef, vice-pr\u00e9sident<\/li>\n    <\/ul>\n\n  <\/div>\n\n<\/section>\n","protected":false},"excerpt":{"rendered":"<p>Comit\u00e9 2026 Comit\u00e9 de l\u2019ASSO Reconvilier et environs \u2013 ann\u00e9e 2026. Rang\u00e9e du haut (de gauche \u00e0 droite) Fran\u00e7ois Spinosi \u2014 sdt, secr\u00e9taire Elie Rebetez \u2014 cpl, pr\u00e9sident Ga\u00ebl Voumard <a class=\"more-link\" href=\"https:\/\/www.military.ch\/reconvilier\/new_site\/section\/comite\/\">Lire la suite&#8230;<\/a><\/p>\n","protected":false},"author":2,"featured_media":0,"parent":15,"menu_order":1,"comment_status":"closed","ping_status":"closed","template":"","meta":{"footnotes":""},"class_list":["post-29","page","type-page","status-publish","hentry"],"_links":{"self":[{"href":"https:\/\/www.military.ch\/reconvilier\/new_site\/wp-json\/wp\/v2\/pages\/29","targetHints":{"allow":["GET"]}}],"collection":[{"href":"https:\/\/www.military.ch\/reconvilier\/new_site\/wp-json\/wp\/v2\/pages"}],"about":[{"href":"https:\/\/www.military.ch\/reconvilier\/new_site\/wp-json\/wp\/v2\/types\/page"}],"author":[{"embeddable":true,"href":"https:\/\/www.military.ch\/reconvilier\/new_site\/wp-json\/wp\/v2\/users\/2"}],"replies":[{"embeddable":true,"href":"https:\/\/www.military.ch\/reconvilier\/new_site\/wp-json\/wp\/v2\/comments?post=29"}],"version-history":[{"count":16,"href":"https:\/\/www.military.ch\/reconvilier\/new_site\/wp-json\/wp\/v2\/pages\/29\/revisions"}],"predecessor-version":[{"id":2669,"href":"https:\/\/www.military.ch\/reconvilier\/new_site\/wp-json\/wp\/v2\/pages\/29\/revisions\/2669"}],"up":[{"embeddable":true,"href":"https:\/\/www.military.ch\/reconvilier\/new_site\/wp-json\/wp\/v2\/pages\/15"}],"wp:attachment":[{"href":"https:\/\/www.military.ch\/reconvilier\/new_site\/wp-json\/wp\/v2\/media?parent=29"}],"curies":[{"name":"wp","href":"https:\/\/api.w.org\/{rel}","templated":true}]}}