{"id":35,"date":"2016-01-25T14:48:42","date_gmt":"2016-01-25T14:48:42","guid":{"rendered":"https:\/\/www.military.ch\/reconvilier\/new_site\/?page_id=35"},"modified":"2026-02-21T11:06:29","modified_gmt":"2026-02-21T09:06:29","slug":"articles-de-presse","status":"publish","type":"page","link":"https:\/\/www.military.ch\/reconvilier\/new_site\/section\/articles-de-presse\/","title":{"rendered":"Articles de presse"},"content":{"rendered":"\n<div class=\"articles-presse\">\n\n<div class=\"article-item\">\n  <a href=\"https:\/\/www.military.ch\/reconvilier\/new_site\/wp-content\/uploads\/JDJ_AG_2026.pdf\" target=\"_blank\">\n    21.02.2026 \u2013 Journal du Jura \u2013 Assembl\u00e9e g\u00e9n\u00e9rale du 14 f\u00e9vrier 2026\n  <\/a>\n<\/div>  \n\n<div class=\"article-item\">\n    <a href=\"https:\/\/www.military.ch\/reconvilier\/new_site\/wp-content\/uploads\/La_Semaine_27aout2025.pdf\" target=\"_blank\">\n      27.08.2025 \u2013 La Semaine \u2013 Foire de Chaindon, Reconvilier au c\u0153ur de l\u2019\u00e9v\u00e9nement\n    <\/a>\n  <\/div>\n\n  <div class=\"article-item\">\n    <a href=\"https:\/\/www.military.ch\/reconvilier\/new_site\/wp-content\/uploads\/JDJ-06.04.2023.pdf\" target=\"_blank\">\n      06.04.2023 \u2013 Journal du Jura \u2013 Un homme engage\n    <\/a>\n  <\/div>\n\n  <div class=\"article-item\">\n    <a href=\"https:\/\/www.military.ch\/reconvilier\/new_site\/wp-content\/uploads\/La-semaine-14.07.2021.pdf\" target=\"_blank\">\n      14.07.2021 \u2013 La Semaine \u2013 La dominance des fr\u00e8res Houmard\n    <\/a>\n  <\/div>\n\n  <div class=\"article-item\">\n    <a href=\"https:\/\/www.military.ch\/reconvilier\/new_site\/wp-content\/uploads\/La-semaine-14.07.2021.pdf\" target=\"_blank\">\n      14.07.2021 \u2013 Journal du Jura \u2013 Fin tireurs, les fr\u00e8res Houmard s&rsquo;illustrent\n    <\/a>\n  <\/div>\n\n  <div class=\"article-item\">\n    <a href=\"https:\/\/www.military.ch\/reconvilier\/new_site\/wp-content\/uploads\/2019\/12\/JdJ-22.10.2019.pdf\" target=\"_blank\">\n      22.10.2019 \u2013 Journal du Jura \u2013 Voie royales pour les sous-offs\n    <\/a>\n  <\/div>\n\n  <div class=\"article-item\">\n    <a href=\"https:\/\/www.military.ch\/reconvilier\/new_site\/wp-content\/uploads\/2019\/01\/Nam-decembre-2018.pdf\" target=\"_blank\">\n      D\u00e9cembre 2018 \u2013 Notre Arm\u00e9e de Milice \u2013 Les sous-officiers de Reconvilier en force\n    <\/a>\n  <\/div>\n\n  <div class=\"article-item\">\n    <a href=\"https:\/\/www.military.ch\/reconvilier\/new_site\/wp-content\/uploads\/2018\/10\/JdJ-16.10.2018.pdf\" target=\"_blank\">\n      16.10.2018 \u2013 Journal du Jura \u2013 Les sous-officiers en force\n    <\/a>\n  <\/div>\n\n  <div class=\"article-item\">\n    <a href=\"https:\/\/www.military.ch\/reconvilier\/new_site\/wp-content\/uploads\/2018\/07\/JdJ-22.02.2018.pdf\" target=\"_blank\">\n      22.02.2018 \u2013 Journal du Jura \u2013 Malgr\u00e9 les obstacles, elle n&rsquo;a pas flanch\u00e9\n    <\/a>\n  <\/div>\n\n  <div class=\"article-item\">\n    <a href=\"https:\/\/www.military.ch\/reconvilier\/new_site\/wp-content\/uploads\/2018\/07\/La-Semaine-21.02.2018.pdf\" target=\"_blank\">\n      21.02.2018 \u2013 La Semaine \u2013 Forme olympique en Belgique\n    <\/a>\n  <\/div>\n\n  <div class=\"article-item\">\n    <a href=\"https:\/\/www.military.ch\/reconvilier\/new_site\/wp-content\/uploads\/2018\/07\/JdJ-20.02.2018.pdf\" target=\"_blank\">\n      20.02.2018 \u2013 Journal du Jura \u2013 Une victoire et une femme \u00e0 l&rsquo;honneur\n    <\/a>\n  <\/div>\n\n  <div class=\"article-item\">\n    <a href=\"https:\/\/www.military.ch\/reconvilier\/new_site\/wp-content\/uploads\/2018\/07\/JdJ-2017.pdf\" target=\"_blank\">\n      2017 \u2013 Journal du Jura \u2013 Du changement \u00e0 l&rsquo;ASSO\n    <\/a>\n  <\/div>\n\n  <div class=\"article-item\">\n    <a href=\"https:\/\/www.military.ch\/reconvilier\/new_site\/wp-content\/uploads\/2018\/07\/JdJ-20.02.2017.pdf\" target=\"_blank\">\n      20.02.2017 \u2013 Journal du Jura \u2013 Apr\u00e8s 12 ans de pr\u00e9sidence le capitaine passe la main\n    <\/a>\n  <\/div>\n\n<\/div>\n","protected":false},"excerpt":{"rendered":"<p>21.02.2026 \u2013 Journal du Jura \u2013 Assembl\u00e9e g\u00e9n\u00e9rale du 14 f\u00e9vrier 2026 27.08.2025 \u2013 La Semaine \u2013 Foire de Chaindon, Reconvilier au c\u0153ur de l\u2019\u00e9v\u00e9nement 06.04.2023 \u2013 Journal du Jura <a class=\"more-link\" href=\"https:\/\/www.military.ch\/reconvilier\/new_site\/section\/articles-de-presse\/\">Lire la suite&#8230;<\/a><\/p>\n","protected":false},"author":2,"featured_media":0,"parent":15,"menu_order":0,"comment_status":"closed","ping_status":"closed","template":"","meta":{"footnotes":""},"class_list":["post-35","page","type-page","status-publish","hentry"],"_links":{"self":[{"href":"https:\/\/www.military.ch\/reconvilier\/new_site\/wp-json\/wp\/v2\/pages\/35","targetHints":{"allow":["GET"]}}],"collection":[{"href":"https:\/\/www.military.ch\/reconvilier\/new_site\/wp-json\/wp\/v2\/pages"}],"about":[{"href":"https:\/\/www.military.ch\/reconvilier\/new_site\/wp-json\/wp\/v2\/types\/page"}],"author":[{"embeddable":true,"href":"https:\/\/www.military.ch\/reconvilier\/new_site\/wp-json\/wp\/v2\/users\/2"}],"replies":[{"embeddable":true,"href":"https:\/\/www.military.ch\/reconvilier\/new_site\/wp-json\/wp\/v2\/comments?post=35"}],"version-history":[{"count":22,"href":"https:\/\/www.military.ch\/reconvilier\/new_site\/wp-json\/wp\/v2\/pages\/35\/revisions"}],"predecessor-version":[{"id":2667,"href":"https:\/\/www.military.ch\/reconvilier\/new_site\/wp-json\/wp\/v2\/pages\/35\/revisions\/2667"}],"up":[{"embeddable":true,"href":"https:\/\/www.military.ch\/reconvilier\/new_site\/wp-json\/wp\/v2\/pages\/15"}],"wp:attachment":[{"href":"https:\/\/www.military.ch\/reconvilier\/new_site\/wp-json\/wp\/v2\/media?parent=35"}],"curies":[{"name":"wp","href":"https:\/\/api.w.org\/{rel}","templated":true}]}}