{"id":6,"date":"2016-01-25T14:43:44","date_gmt":"2016-01-25T14:43:44","guid":{"rendered":"https:\/\/www.military.ch\/reconvilier\/new_site\/?page_id=6"},"modified":"2025-08-18T22:41:56","modified_gmt":"2025-08-18T20:41:56","slug":"news","status":"publish","type":"page","link":"https:\/\/www.military.ch\/reconvilier\/new_site\/","title":{"rendered":"News"},"content":{"rendered":"\n<blockquote class=\"wp-block-quote is-layout-flow wp-block-quote-is-layout-flow\">\n<p>Bienvenue dans la rubrique <strong>News<\/strong> : ici vous trouverez toujours les <strong>7 derni\u00e8res publications<\/strong>, quel que soit leur th\u00e8me.<\/p>\n<\/blockquote>\n\n\n<ul class=\"display-posts-listing\"><li class=\"listing-item\"><a class=\"title\" href=\"https:\/\/www.military.ch\/reconvilier\/new_site\/assemblee-generale-2026\/\">Assembl\u00e9e g\u00e9n\u00e9rale 2026<\/a> <span class=\"date\">19 f\u00e9vrier 2026<\/span> <span class=\"excerpt-dash\">-<\/span> <span class=\"excerpt\">85e Assembl\u00e9e g\u00e9n\u00e9rale de l\u2019ASSO Reconvilier et environs Le 14 f\u00e9vrier 2026, l\u2019Association suisse des sous-officiers de Reconvilier et environs a tenu sa 85e assembl\u00e9e g\u00e9n\u00e9rale \u00e0 Tramelan, sous la <a class=\"more-link\" href=\"https:\/\/www.military.ch\/reconvilier\/new_site\/assemblee-generale-2026\/\">Lire la suite...<\/a><\/span><\/li><li class=\"listing-item\"><a class=\"title\" href=\"https:\/\/www.military.ch\/reconvilier\/new_site\/bourse-aux-armes-de-lausanne\/\">Bourse aux armes de Lausanne<\/a> <span class=\"date\">12 d\u00e9cembre 2025<\/span> <span class=\"excerpt-dash\">-<\/span> <span class=\"excerpt\">Bourse aux armes de Lausanne \u2013 d\u00e9cembre 2025 Comme chaque ann\u00e9e, l\u2019ASSO Suisse, par l\u2019interm\u00e9diaire de l\u2019ASSO Vaud, a particip\u00e9 \u00e0 la Bourse aux armes de Lausanne, qui s\u2019est d\u00e9roul\u00e9e <a class=\"more-link\" href=\"https:\/\/www.military.ch\/reconvilier\/new_site\/bourse-aux-armes-de-lausanne\/\">Lire la suite...<\/a><\/span><\/li><li class=\"listing-item\"><a class=\"title\" href=\"https:\/\/www.military.ch\/reconvilier\/new_site\/soins-sous-le-feu-phase-4\/\">Soins sous le feu (phase 4)<\/a> <span class=\"date\">20 novembre 2025<\/span> <span class=\"excerpt-dash\">-<\/span> <span class=\"excerpt\">TCCC \u2013 Soins tactiques de terrain (Phase 4) : Respiration \/ Ventilation Apr\u00e8s avoir lib\u00e9r\u00e9 les voies a\u00e9riennes (VAS) d&rsquo;une victime, il est essentiel de garantir une ventilation ad\u00e9quate. Le <a class=\"more-link\" href=\"https:\/\/www.military.ch\/reconvilier\/new_site\/soins-sous-le-feu-phase-4\/\">Lire la suite...<\/a><\/span><\/li><li class=\"listing-item\"><a class=\"title\" href=\"https:\/\/www.military.ch\/reconvilier\/new_site\/soins-sous-le-feu-phase-3\/\">Soins sous le feu phase 3<\/a> <span class=\"date\">11 novembre 2025<\/span> <span class=\"excerpt-dash\">-<\/span> <span class=\"excerpt\">TCCC \u2013 Soins tactiques de terrain (Phase 3) Apr\u00e8s le contr\u00f4le des h\u00e9morragies massives, la deuxi\u00e8me \u00e9tape du protocole MARCH est A \u2013 Airway, soit la gestion des voies a\u00e9riennes. <a class=\"more-link\" href=\"https:\/\/www.military.ch\/reconvilier\/new_site\/soins-sous-le-feu-phase-3\/\">Lire la suite...<\/a><\/span><\/li><li class=\"listing-item\"><a class=\"title\" href=\"https:\/\/www.military.ch\/reconvilier\/new_site\/soins-sous-le-feu-phase-2\/\">Soins sous le feu phase 2<\/a> <span class=\"date\">27 octobre 2025<\/span> <span class=\"excerpt-dash\">-<\/span> <span class=\"excerpt\">TCCC \u2013 Soins tactiques de terrain (Phase 2) Apr\u00e8s avoir s\u00e9curis\u00e9 la zone de menace directe, la phase Tactical Field Care consiste \u00e0 g\u00e9rer les bless\u00e9s en zone de menace <a class=\"more-link\" href=\"https:\/\/www.military.ch\/reconvilier\/new_site\/soins-sous-le-feu-phase-2\/\">Lire la suite...<\/a><\/span><\/li><li class=\"listing-item\"><a class=\"title\" href=\"https:\/\/www.military.ch\/reconvilier\/new_site\/soins-sous-le-feu\/\">Soins sous le feu<\/a> <span class=\"date\">21 octobre 2025<\/span> <span class=\"excerpt-dash\">-<\/span> <span class=\"excerpt\">Soins sous le feu \u2013 Algorithme TCCC (Phase 1) Lors d\u2019une op\u00e9ration, lorsqu\u2019un ou plusieurs militaires sont bless\u00e9s sous le feu ennemi, la priorit\u00e9 absolue est la survie imm\u00e9diate du <a class=\"more-link\" href=\"https:\/\/www.military.ch\/reconvilier\/new_site\/soins-sous-le-feu\/\">Lire la suite...<\/a><\/span><\/li><li class=\"listing-item\"><a class=\"title\" href=\"https:\/\/www.military.ch\/reconvilier\/new_site\/les-garrots-jonctionnels-et-les-fractures-du-bassin\/\">Les garrots jonctionnels et les fractures du bassin<\/a> <span class=\"date\">4 octobre 2025<\/span> <span class=\"excerpt-dash\">-<\/span> <span class=\"excerpt\">Les garrots jonctionnels et les fractures du bassin Pourquoi un garrot sp\u00e9cifique&nbsp;? Les h\u00e9morragies massives sont une cause majeure de d\u00e9c\u00e8s \u00e9vitable. Si le garrot standard pos\u00e9 sur un membre <a class=\"more-link\" href=\"https:\/\/www.military.ch\/reconvilier\/new_site\/les-garrots-jonctionnels-et-les-fractures-du-bassin\/\">Lire la suite...<\/a><\/span><\/li><\/ul>\n","protected":false},"excerpt":{"rendered":"<p>Bienvenue dans la rubrique News : ici vous trouverez toujours les 7 derni\u00e8res publications, quel que soit leur th\u00e8me.<\/p>\n","protected":false},"author":2,"featured_media":0,"parent":0,"menu_order":0,"comment_status":"closed","ping_status":"closed","template":"","meta":{"footnotes":""},"class_list":["post-6","page","type-page","status-publish","hentry"],"_links":{"self":[{"href":"https:\/\/www.military.ch\/reconvilier\/new_site\/wp-json\/wp\/v2\/pages\/6","targetHints":{"allow":["GET"]}}],"collection":[{"href":"https:\/\/www.military.ch\/reconvilier\/new_site\/wp-json\/wp\/v2\/pages"}],"about":[{"href":"https:\/\/www.military.ch\/reconvilier\/new_site\/wp-json\/wp\/v2\/types\/page"}],"author":[{"embeddable":true,"href":"https:\/\/www.military.ch\/reconvilier\/new_site\/wp-json\/wp\/v2\/users\/2"}],"replies":[{"embeddable":true,"href":"https:\/\/www.military.ch\/reconvilier\/new_site\/wp-json\/wp\/v2\/comments?post=6"}],"version-history":[{"count":32,"href":"https:\/\/www.military.ch\/reconvilier\/new_site\/wp-json\/wp\/v2\/pages\/6\/revisions"}],"predecessor-version":[{"id":2456,"href":"https:\/\/www.military.ch\/reconvilier\/new_site\/wp-json\/wp\/v2\/pages\/6\/revisions\/2456"}],"wp:attachment":[{"href":"https:\/\/www.military.ch\/reconvilier\/new_site\/wp-json\/wp\/v2\/media?parent=6"}],"curies":[{"name":"wp","href":"https:\/\/api.w.org\/{rel}","templated":true}]}}